{"id":391,"date":"2022-06-19T16:53:15","date_gmt":"2022-06-19T16:53:15","guid":{"rendered":"https:\/\/vpgestioninmobiliaria.cl\/vpgi\/about\/"},"modified":"2022-07-20T04:38:49","modified_gmt":"2022-07-20T04:38:49","slug":"about","status":"publish","type":"page","link":"https:\/\/vpgestioninmobiliaria.cl\/vpgi\/about\/","title":{"rendered":"Ver\u00f3nica Parada"},"content":{"rendered":"<div class=\"wp-block-image\">\n<figure class=\"alignleft size-large is-resized\"><img loading=\"lazy\" decoding=\"async\" src=\"https:\/\/vpgestioninmobiliaria.cl\/vpgi\/wp-content\/uploads\/2022\/07\/VPGI-Agente-1024x1024.png\" alt=\"\" class=\"wp-image-530\" width=\"256\" height=\"256\" srcset=\"https:\/\/vpgestioninmobiliaria.cl\/vpgi\/wp-content\/uploads\/2022\/07\/VPGI-Agente-1024x1024.png 1024w, https:\/\/vpgestioninmobiliaria.cl\/vpgi\/wp-content\/uploads\/2022\/07\/VPGI-Agente-300x300.png 300w, https:\/\/vpgestioninmobiliaria.cl\/vpgi\/wp-content\/uploads\/2022\/07\/VPGI-Agente-150x150.png 150w, https:\/\/vpgestioninmobiliaria.cl\/vpgi\/wp-content\/uploads\/2022\/07\/VPGI-Agente-768x768.png 768w, https:\/\/vpgestioninmobiliaria.cl\/vpgi\/wp-content\/uploads\/2022\/07\/VPGI-Agente-360x360.png 360w, https:\/\/vpgestioninmobiliaria.cl\/vpgi\/wp-content\/uploads\/2022\/07\/VPGI-Agente.png 1200w\" sizes=\"auto, (max-width: 256px) 100vw, 256px\" \/><\/figure><\/div>\n\n\n<p class=\"has-large-font-size\">Corredora de Propiedades y Gesti\u00f3n Inmobiliaria. <\/p>\n\n\n\n<p>Venta, Arriendo, administraci\u00f3n de su propiedad. M\u00e1s de 20 a\u00f1os de experiencia en el rubro de corretaje de propiedades. Ahorra tiempo y tr\u00e1mites, aseguramos el pago de tu arriendo. Nos preocupamos de la administraci\u00f3n y mantenimiento de tu propiedad.<\/p>\n\n\n\n<p>Publico en las plataformas mas vistas de internet, con costo cero para usted.<\/p>\n\n\n\n<p><strong>Venta de propiedades:<\/strong><br>Olv\u00eddese de publicar, mostrar y negocias su propiedad, hasta encontrar al comprador, ahorra tiempo y tr\u00e1mites. Nuestra experiencia en tr\u00e1mites hace que el proceso sea m\u00e1s corto y te acompa\u00f1amos desde la decisi\u00f3n de vender hasta la inscripci\u00f3n de la propiedad en el Conservador de Bienes Ra\u00edces. Contamos con la asesor\u00eda de abogados en todo el proceso de la venta.<\/p>\n\n\n\n<p><strong>Arriendo de propiedades:<\/strong><br>Hacemos selecci\u00f3n adecuada del interesado, que cumpla con los requisitos m\u00ednimos de renta y comportamiento financiero, para que \u00e9ste cumpla con los pagos de las rentas y cuide tu inmueble. Ofrecemos el servicio de firma virtual, para que no te mueva de tu hogar o del trabajo a la notar\u00eda.<\/p>\n\n\n\n<p><strong>Administraci\u00f3n de propiedades:<\/strong><br>Puedes tomar nuestro servicio de Administraci\u00f3n de Propiedades. Nos encargamos de recibir los pagos de arriendo y transferirlos a tu cuenta bancaria personal, nos aseguramos mediante revisiones mensuales que los servicios b\u00e1sicos y de gastos comunes est\u00e9n debidamente cancelados. Nos preocupamos del mantenimiento, para el buen funcionamiento.<\/p>\n\n\n\n<ul class=\"wp-block-social-links is-style-logos-only is-layout-flex wp-block-social-links-is-layout-flex\"><li class=\"wp-social-link wp-social-link-facebook  wp-block-social-link\"><a href=\"https:\/\/#\" class=\"wp-block-social-link-anchor\"><svg width=\"24\" height=\"24\" viewBox=\"0 0 24 24\" version=\"1.1\" xmlns=\"http:\/\/www.w3.org\/2000\/svg\" aria-hidden=\"true\" focusable=\"false\"><path d=\"M12 2C6.5 2 2 6.5 2 12c0 5 3.7 9.1 8.4 9.9v-7H7.9V12h2.5V9.8c0-2.5 1.5-3.9 3.8-3.9 1.1 0 2.2.2 2.2.2v2.5h-1.3c-1.2 0-1.6.8-1.6 1.6V12h2.8l-.4 2.9h-2.3v7C18.3 21.1 22 17 22 12c0-5.5-4.5-10-10-10z\"><\/path><\/svg><span class=\"wp-block-social-link-label screen-reader-text\">Facebook<\/span><\/a><\/li>\n\n<li class=\"wp-social-link wp-social-link-twitter  wp-block-social-link\"><a href=\"https:\/\/#\" class=\"wp-block-social-link-anchor\"><svg width=\"24\" height=\"24\" viewBox=\"0 0 24 24\" version=\"1.1\" xmlns=\"http:\/\/www.w3.org\/2000\/svg\" aria-hidden=\"true\" focusable=\"false\"><path d=\"M22.23,5.924c-0.736,0.326-1.527,0.547-2.357,0.646c0.847-0.508,1.498-1.312,1.804-2.27 c-0.793,0.47-1.671,0.812-2.606,0.996C18.324,4.498,17.257,4,16.077,4c-2.266,0-4.103,1.837-4.103,4.103 c0,0.322,0.036,0.635,0.106,0.935C8.67,8.867,5.647,7.234,3.623,4.751C3.27,5.357,3.067,6.062,3.067,6.814 c0,1.424,0.724,2.679,1.825,3.415c-0.673-0.021-1.305-0.206-1.859-0.513c0,0.017,0,0.034,0,0.052c0,1.988,1.414,3.647,3.292,4.023 c-0.344,0.094-0.707,0.144-1.081,0.144c-0.264,0-0.521-0.026-0.772-0.074c0.522,1.63,2.038,2.816,3.833,2.85 c-1.404,1.1-3.174,1.756-5.096,1.756c-0.331,0-0.658-0.019-0.979-0.057c1.816,1.164,3.973,1.843,6.29,1.843 c7.547,0,11.675-6.252,11.675-11.675c0-0.178-0.004-0.355-0.012-0.531C20.985,7.47,21.68,6.747,22.23,5.924z\"><\/path><\/svg><span class=\"wp-block-social-link-label screen-reader-text\">Twitter<\/span><\/a><\/li>\n\n<li class=\"wp-social-link wp-social-link-instagram  wp-block-social-link\"><a href=\"https:\/\/#\" class=\"wp-block-social-link-anchor\"><svg width=\"24\" height=\"24\" viewBox=\"0 0 24 24\" version=\"1.1\" xmlns=\"http:\/\/www.w3.org\/2000\/svg\" aria-hidden=\"true\" focusable=\"false\"><path d=\"M12,4.622c2.403,0,2.688,0.009,3.637,0.052c0.877,0.04,1.354,0.187,1.671,0.31c0.42,0.163,0.72,0.358,1.035,0.673 c0.315,0.315,0.51,0.615,0.673,1.035c0.123,0.317,0.27,0.794,0.31,1.671c0.043,0.949,0.052,1.234,0.052,3.637 s-0.009,2.688-0.052,3.637c-0.04,0.877-0.187,1.354-0.31,1.671c-0.163,0.42-0.358,0.72-0.673,1.035 c-0.315,0.315-0.615,0.51-1.035,0.673c-0.317,0.123-0.794,0.27-1.671,0.31c-0.949,0.043-1.233,0.052-3.637,0.052 s-2.688-0.009-3.637-0.052c-0.877-0.04-1.354-0.187-1.671-0.31c-0.42-0.163-0.72-0.358-1.035-0.673 c-0.315-0.315-0.51-0.615-0.673-1.035c-0.123-0.317-0.27-0.794-0.31-1.671C4.631,14.688,4.622,14.403,4.622,12 s0.009-2.688,0.052-3.637c0.04-0.877,0.187-1.354,0.31-1.671c0.163-0.42,0.358-0.72,0.673-1.035 c0.315-0.315,0.615-0.51,1.035-0.673c0.317-0.123,0.794-0.27,1.671-0.31C9.312,4.631,9.597,4.622,12,4.622 M12,3 C9.556,3,9.249,3.01,8.289,3.054C7.331,3.098,6.677,3.25,6.105,3.472C5.513,3.702,5.011,4.01,4.511,4.511 c-0.5,0.5-0.808,1.002-1.038,1.594C3.25,6.677,3.098,7.331,3.054,8.289C3.01,9.249,3,9.556,3,12c0,2.444,0.01,2.751,0.054,3.711 c0.044,0.958,0.196,1.612,0.418,2.185c0.23,0.592,0.538,1.094,1.038,1.594c0.5,0.5,1.002,0.808,1.594,1.038 c0.572,0.222,1.227,0.375,2.185,0.418C9.249,20.99,9.556,21,12,21s2.751-0.01,3.711-0.054c0.958-0.044,1.612-0.196,2.185-0.418 c0.592-0.23,1.094-0.538,1.594-1.038c0.5-0.5,0.808-1.002,1.038-1.594c0.222-0.572,0.375-1.227,0.418-2.185 C20.99,14.751,21,14.444,21,12s-0.01-2.751-0.054-3.711c-0.044-0.958-0.196-1.612-0.418-2.185c-0.23-0.592-0.538-1.094-1.038-1.594 c-0.5-0.5-1.002-0.808-1.594-1.038c-0.572-0.222-1.227-0.375-2.185-0.418C14.751,3.01,14.444,3,12,3L12,3z M12,7.378 c-2.552,0-4.622,2.069-4.622,4.622S9.448,16.622,12,16.622s4.622-2.069,4.622-4.622S14.552,7.378,12,7.378z M12,15 c-1.657,0-3-1.343-3-3s1.343-3,3-3s3,1.343,3,3S13.657,15,12,15z M16.804,6.116c-0.596,0-1.08,0.484-1.08,1.08 s0.484,1.08,1.08,1.08c0.596,0,1.08-0.484,1.08-1.08S17.401,6.116,16.804,6.116z\"><\/path><\/svg><span class=\"wp-block-social-link-label screen-reader-text\">Instagram<\/span><\/a><\/li>\n\n<li class=\"wp-social-link wp-social-link-linkedin  wp-block-social-link\"><a href=\"https:\/\/#\" class=\"wp-block-social-link-anchor\"><svg width=\"24\" height=\"24\" viewBox=\"0 0 24 24\" version=\"1.1\" xmlns=\"http:\/\/www.w3.org\/2000\/svg\" aria-hidden=\"true\" focusable=\"false\"><path d=\"M19.7,3H4.3C3.582,3,3,3.582,3,4.3v15.4C3,20.418,3.582,21,4.3,21h15.4c0.718,0,1.3-0.582,1.3-1.3V4.3 C21,3.582,20.418,3,19.7,3z M8.339,18.338H5.667v-8.59h2.672V18.338z M7.004,8.574c-0.857,0-1.549-0.694-1.549-1.548 c0-0.855,0.691-1.548,1.549-1.548c0.854,0,1.547,0.694,1.547,1.548C8.551,7.881,7.858,8.574,7.004,8.574z M18.339,18.338h-2.669 v-4.177c0-0.996-0.017-2.278-1.387-2.278c-1.389,0-1.601,1.086-1.601,2.206v4.249h-2.667v-8.59h2.559v1.174h0.037 c0.356-0.675,1.227-1.387,2.526-1.387c2.703,0,3.203,1.779,3.203,4.092V18.338z\"><\/path><\/svg><span class=\"wp-block-social-link-label screen-reader-text\">LinkedIn<\/span><\/a><\/li>\n\n<li class=\"wp-social-link wp-social-link-youtube  wp-block-social-link\"><a href=\"https:\/\/#\" class=\"wp-block-social-link-anchor\"><svg width=\"24\" height=\"24\" viewBox=\"0 0 24 24\" version=\"1.1\" xmlns=\"http:\/\/www.w3.org\/2000\/svg\" aria-hidden=\"true\" focusable=\"false\"><path d=\"M21.8,8.001c0,0-0.195-1.378-0.795-1.985c-0.76-0.797-1.613-0.801-2.004-0.847c-2.799-0.202-6.997-0.202-6.997-0.202 h-0.009c0,0-4.198,0-6.997,0.202C4.608,5.216,3.756,5.22,2.995,6.016C2.395,6.623,2.2,8.001,2.2,8.001S2,9.62,2,11.238v1.517 c0,1.618,0.2,3.237,0.2,3.237s0.195,1.378,0.795,1.985c0.761,0.797,1.76,0.771,2.205,0.855c1.6,0.153,6.8,0.201,6.8,0.201 s4.203-0.006,7.001-0.209c0.391-0.047,1.243-0.051,2.004-0.847c0.6-0.607,0.795-1.985,0.795-1.985s0.2-1.618,0.2-3.237v-1.517 C22,9.62,21.8,8.001,21.8,8.001z M9.935,14.594l-0.001-5.62l5.404,2.82L9.935,14.594z\"><\/path><\/svg><span class=\"wp-block-social-link-label screen-reader-text\">YouTube<\/span><\/a><\/li><\/ul>\n\n\n\n<h4 class=\"has-text-align-center wp-block-heading\">P\u00f3ngase en contacto conmigo para m\u00e1s informaci\u00f3n<\/h4>\n\n\n\n<div role=\"form\" class=\"wpcf7\" id=\"wpcf7-f570-o1\" lang=\"es-ES\" dir=\"ltr\">\n<div class=\"screen-reader-response\"><p role=\"status\" aria-live=\"polite\" aria-atomic=\"true\"><\/p> <ul><\/ul><\/div>\n<form action=\"\/vpgi\/wp-json\/wp\/v2\/pages\/391#wpcf7-f570-o1\" method=\"post\" class=\"wpcf7-form init\" novalidate=\"novalidate\" data-status=\"init\">\n<div style=\"display: none;\">\n<input type=\"hidden\" name=\"_wpcf7\" value=\"570\" \/>\n<input type=\"hidden\" name=\"_wpcf7_version\" value=\"5.6.3\" \/>\n<input type=\"hidden\" name=\"_wpcf7_locale\" value=\"es_ES\" \/>\n<input type=\"hidden\" name=\"_wpcf7_unit_tag\" value=\"wpcf7-f570-o1\" \/>\n<input type=\"hidden\" name=\"_wpcf7_container_post\" value=\"0\" \/>\n<input type=\"hidden\" name=\"_wpcf7_posted_data_hash\" value=\"\" \/>\n<\/div>\n<p><label> Nombre:<br \/>\n    <span class=\"wpcf7-form-control-wrap\" data-name=\"your-name\"><input type=\"text\" name=\"your-name\" value=\"\" size=\"40\" class=\"wpcf7-form-control wpcf7-text wpcf7-validates-as-required\" aria-required=\"true\" aria-invalid=\"false\" \/><\/span> <\/label><\/p>\n<p><label> Correo electr\u00f3nico:<br \/>\n    <span class=\"wpcf7-form-control-wrap\" data-name=\"your-email\"><input type=\"email\" name=\"your-email\" value=\"\" size=\"40\" class=\"wpcf7-form-control wpcf7-text wpcf7-email wpcf7-validates-as-required wpcf7-validates-as-email\" aria-required=\"true\" aria-invalid=\"false\" \/><\/span> <\/label><\/p>\n<p><label> Mensaje:<br \/>\n    <span class=\"wpcf7-form-control-wrap\" data-name=\"your-message\"><textarea name=\"your-message\" cols=\"40\" rows=\"10\" class=\"wpcf7-form-control wpcf7-textarea wpcf7-validates-as-required\" aria-required=\"true\" aria-invalid=\"false\"><\/textarea><\/span> <\/label><\/p>\n<p><input type=\"submit\" value=\"Enviar\" class=\"wpcf7-form-control has-spinner wpcf7-submit\" \/><\/p>\n<div class=\"wpcf7-response-output\" aria-hidden=\"true\"><\/div><\/form><\/div>\n","protected":false},"excerpt":{"rendered":"<p>Corredora de Propiedades y Gesti\u00f3n Inmobiliaria. Venta, Arriendo, administraci\u00f3n de su propiedad. M\u00e1s de 20 a\u00f1os de experiencia en el rubro de corretaje de propiedades. Ahorra tiempo y tr\u00e1mites, aseguramos el pago de tu arriendo. Nos preocupamos de la administraci\u00f3n y mantenimiento de tu propiedad. Publico en las plataformas mas vistas de internet, con costo &#8230; <a href=\"https:\/\/vpgestioninmobiliaria.cl\/vpgi\/about\/\" class=\"more-link\">Continue Reading &#187; <span class=\"screen-reader-text\"> about  Ver\u00f3nica Parada<\/span><\/a><\/p>\n","protected":false},"author":1,"featured_media":0,"parent":0,"menu_order":0,"comment_status":"closed","ping_status":"closed","template":"page-templates\/no-sidebar.php","meta":{"_genesis_hide_title":false,"_genesis_hide_breadcrumbs":false,"_genesis_hide_singular_image":true,"_genesis_hide_footer_widgets":false,"_genesis_custom_body_class":"","_genesis_custom_post_class":"","_genesis_layout":"","footnotes":""},"class_list":{"0":"post-391","1":"page","2":"type-page","3":"status-publish","5":"entry"},"yoast_head":"<!-- This site is optimized with the Yoast SEO plugin v19.6.1 - https:\/\/yoast.com\/wordpress\/plugins\/seo\/ -->\n<title>Ver\u00f3nica Parada - VP Gesti\u00f3n Inmobiliaria<\/title>\n<meta name=\"robots\" content=\"index, follow, max-snippet:-1, max-image-preview:large, max-video-preview:-1\" \/>\n<link rel=\"canonical\" href=\"https:\/\/vpgestioninmobiliaria.cl\/vpgi\/about\/\" \/>\n<meta property=\"og:locale\" content=\"es_ES\" \/>\n<meta property=\"og:type\" content=\"article\" \/>\n<meta property=\"og:title\" content=\"Ver\u00f3nica Parada - VP Gesti\u00f3n Inmobiliaria\" \/>\n<meta property=\"og:description\" content=\"Corredora de Propiedades y Gesti\u00f3n Inmobiliaria. Venta, Arriendo, administraci\u00f3n de su propiedad. M\u00e1s de 20 a\u00f1os de experiencia en el rubro de corretaje de propiedades. Ahorra tiempo y tr\u00e1mites, aseguramos el pago de tu arriendo. Nos preocupamos de la administraci\u00f3n y mantenimiento de tu propiedad. Publico en las plataformas mas vistas de internet, con costo ... Continue Reading &#187; about Ver\u00f3nica Parada\" \/>\n<meta property=\"og:url\" content=\"https:\/\/vpgestioninmobiliaria.cl\/vpgi\/about\/\" \/>\n<meta property=\"og:site_name\" content=\"VP Gesti\u00f3n Inmobiliaria\" \/>\n<meta property=\"article:modified_time\" content=\"2022-07-20T04:38:49+00:00\" \/>\n<meta property=\"og:image\" content=\"https:\/\/vpgestioninmobiliaria.cl\/vpgi\/wp-content\/uploads\/2022\/07\/VPGI-Agente-1024x1024.png\" \/>\n<meta name=\"twitter:card\" content=\"summary_large_image\" \/>\n<meta name=\"twitter:label1\" content=\"Tiempo de lectura\" \/>\n\t<meta name=\"twitter:data1\" content=\"2 minutos\" \/>\n<script type=\"application\/ld+json\" class=\"yoast-schema-graph\">{\"@context\":\"https:\/\/schema.org\",\"@graph\":[{\"@type\":\"WebPage\",\"@id\":\"https:\/\/vpgestioninmobiliaria.cl\/vpgi\/about\/\",\"url\":\"https:\/\/vpgestioninmobiliaria.cl\/vpgi\/about\/\",\"name\":\"Ver\u00f3nica Parada - VP Gesti\u00f3n Inmobiliaria\",\"isPartOf\":{\"@id\":\"https:\/\/vpgestioninmobiliaria.cl\/vpgi\/#website\"},\"datePublished\":\"2022-06-19T16:53:15+00:00\",\"dateModified\":\"2022-07-20T04:38:49+00:00\",\"breadcrumb\":{\"@id\":\"https:\/\/vpgestioninmobiliaria.cl\/vpgi\/about\/#breadcrumb\"},\"inLanguage\":\"es\",\"potentialAction\":[{\"@type\":\"ReadAction\",\"target\":[\"https:\/\/vpgestioninmobiliaria.cl\/vpgi\/about\/\"]}]},{\"@type\":\"BreadcrumbList\",\"@id\":\"https:\/\/vpgestioninmobiliaria.cl\/vpgi\/about\/#breadcrumb\",\"itemListElement\":[{\"@type\":\"ListItem\",\"position\":1,\"name\":\"Portada\",\"item\":\"https:\/\/vpgestioninmobiliaria.cl\/vpgi\/\"},{\"@type\":\"ListItem\",\"position\":2,\"name\":\"Ver\u00f3nica Parada\"}]},{\"@type\":\"WebSite\",\"@id\":\"https:\/\/vpgestioninmobiliaria.cl\/vpgi\/#website\",\"url\":\"https:\/\/vpgestioninmobiliaria.cl\/vpgi\/\",\"name\":\"VP Gesti\u00f3n Inmobiliaria\",\"description\":\"Gesti\u00f3n y Promoci\u00f3n Inmobiliaria y Bienes Ra\u00edces\",\"publisher\":{\"@id\":\"https:\/\/vpgestioninmobiliaria.cl\/vpgi\/#\/schema\/person\/81acc73e0c55ecda0a159cf29ecaabc1\"},\"potentialAction\":[{\"@type\":\"SearchAction\",\"target\":{\"@type\":\"EntryPoint\",\"urlTemplate\":\"https:\/\/vpgestioninmobiliaria.cl\/vpgi\/?s={search_term_string}\"},\"query-input\":\"required name=search_term_string\"}],\"inLanguage\":\"es\"},{\"@type\":[\"Person\",\"Organization\"],\"@id\":\"https:\/\/vpgestioninmobiliaria.cl\/vpgi\/#\/schema\/person\/81acc73e0c55ecda0a159cf29ecaabc1\",\"name\":\"adminvpgi\",\"image\":{\"@type\":\"ImageObject\",\"inLanguage\":\"es\",\"@id\":\"https:\/\/vpgestioninmobiliaria.cl\/vpgi\/#\/schema\/person\/image\/\",\"url\":\"https:\/\/vpgestioninmobiliaria.cl\/vpgi\/wp-content\/uploads\/2022\/05\/VPGI-ico.png\",\"contentUrl\":\"https:\/\/vpgestioninmobiliaria.cl\/vpgi\/wp-content\/uploads\/2022\/05\/VPGI-ico.png\",\"width\":500,\"height\":500,\"caption\":\"adminvpgi\"},\"logo\":{\"@id\":\"https:\/\/vpgestioninmobiliaria.cl\/vpgi\/#\/schema\/person\/image\/\"},\"sameAs\":[\"https:\/\/vpgestioninmobiliaria.cl\/vpgi\"]}]}<\/script>\n<!-- \/ Yoast SEO plugin. -->","yoast_head_json":{"title":"Ver\u00f3nica Parada - VP Gesti\u00f3n Inmobiliaria","robots":{"index":"index","follow":"follow","max-snippet":"max-snippet:-1","max-image-preview":"max-image-preview:large","max-video-preview":"max-video-preview:-1"},"canonical":"https:\/\/vpgestioninmobiliaria.cl\/vpgi\/about\/","og_locale":"es_ES","og_type":"article","og_title":"Ver\u00f3nica Parada - VP Gesti\u00f3n Inmobiliaria","og_description":"Corredora de Propiedades y Gesti\u00f3n Inmobiliaria. Venta, Arriendo, administraci\u00f3n de su propiedad. M\u00e1s de 20 a\u00f1os de experiencia en el rubro de corretaje de propiedades. Ahorra tiempo y tr\u00e1mites, aseguramos el pago de tu arriendo. Nos preocupamos de la administraci\u00f3n y mantenimiento de tu propiedad. Publico en las plataformas mas vistas de internet, con costo ... Continue Reading &#187; about Ver\u00f3nica Parada","og_url":"https:\/\/vpgestioninmobiliaria.cl\/vpgi\/about\/","og_site_name":"VP Gesti\u00f3n Inmobiliaria","article_modified_time":"2022-07-20T04:38:49+00:00","og_image":[{"url":"https:\/\/vpgestioninmobiliaria.cl\/vpgi\/wp-content\/uploads\/2022\/07\/VPGI-Agente-1024x1024.png"}],"twitter_card":"summary_large_image","twitter_misc":{"Tiempo de lectura":"2 minutos"},"schema":{"@context":"https:\/\/schema.org","@graph":[{"@type":"WebPage","@id":"https:\/\/vpgestioninmobiliaria.cl\/vpgi\/about\/","url":"https:\/\/vpgestioninmobiliaria.cl\/vpgi\/about\/","name":"Ver\u00f3nica Parada - VP Gesti\u00f3n Inmobiliaria","isPartOf":{"@id":"https:\/\/vpgestioninmobiliaria.cl\/vpgi\/#website"},"datePublished":"2022-06-19T16:53:15+00:00","dateModified":"2022-07-20T04:38:49+00:00","breadcrumb":{"@id":"https:\/\/vpgestioninmobiliaria.cl\/vpgi\/about\/#breadcrumb"},"inLanguage":"es","potentialAction":[{"@type":"ReadAction","target":["https:\/\/vpgestioninmobiliaria.cl\/vpgi\/about\/"]}]},{"@type":"BreadcrumbList","@id":"https:\/\/vpgestioninmobiliaria.cl\/vpgi\/about\/#breadcrumb","itemListElement":[{"@type":"ListItem","position":1,"name":"Portada","item":"https:\/\/vpgestioninmobiliaria.cl\/vpgi\/"},{"@type":"ListItem","position":2,"name":"Ver\u00f3nica Parada"}]},{"@type":"WebSite","@id":"https:\/\/vpgestioninmobiliaria.cl\/vpgi\/#website","url":"https:\/\/vpgestioninmobiliaria.cl\/vpgi\/","name":"VP Gesti\u00f3n Inmobiliaria","description":"Gesti\u00f3n y Promoci\u00f3n Inmobiliaria y Bienes Ra\u00edces","publisher":{"@id":"https:\/\/vpgestioninmobiliaria.cl\/vpgi\/#\/schema\/person\/81acc73e0c55ecda0a159cf29ecaabc1"},"potentialAction":[{"@type":"SearchAction","target":{"@type":"EntryPoint","urlTemplate":"https:\/\/vpgestioninmobiliaria.cl\/vpgi\/?s={search_term_string}"},"query-input":"required name=search_term_string"}],"inLanguage":"es"},{"@type":["Person","Organization"],"@id":"https:\/\/vpgestioninmobiliaria.cl\/vpgi\/#\/schema\/person\/81acc73e0c55ecda0a159cf29ecaabc1","name":"adminvpgi","image":{"@type":"ImageObject","inLanguage":"es","@id":"https:\/\/vpgestioninmobiliaria.cl\/vpgi\/#\/schema\/person\/image\/","url":"https:\/\/vpgestioninmobiliaria.cl\/vpgi\/wp-content\/uploads\/2022\/05\/VPGI-ico.png","contentUrl":"https:\/\/vpgestioninmobiliaria.cl\/vpgi\/wp-content\/uploads\/2022\/05\/VPGI-ico.png","width":500,"height":500,"caption":"adminvpgi"},"logo":{"@id":"https:\/\/vpgestioninmobiliaria.cl\/vpgi\/#\/schema\/person\/image\/"},"sameAs":["https:\/\/vpgestioninmobiliaria.cl\/vpgi"]}]}},"_links":{"self":[{"href":"https:\/\/vpgestioninmobiliaria.cl\/vpgi\/wp-json\/wp\/v2\/pages\/391","targetHints":{"allow":["GET"]}}],"collection":[{"href":"https:\/\/vpgestioninmobiliaria.cl\/vpgi\/wp-json\/wp\/v2\/pages"}],"about":[{"href":"https:\/\/vpgestioninmobiliaria.cl\/vpgi\/wp-json\/wp\/v2\/types\/page"}],"author":[{"embeddable":true,"href":"https:\/\/vpgestioninmobiliaria.cl\/vpgi\/wp-json\/wp\/v2\/users\/1"}],"replies":[{"embeddable":true,"href":"https:\/\/vpgestioninmobiliaria.cl\/vpgi\/wp-json\/wp\/v2\/comments?post=391"}],"version-history":[{"count":5,"href":"https:\/\/vpgestioninmobiliaria.cl\/vpgi\/wp-json\/wp\/v2\/pages\/391\/revisions"}],"predecessor-version":[{"id":572,"href":"https:\/\/vpgestioninmobiliaria.cl\/vpgi\/wp-json\/wp\/v2\/pages\/391\/revisions\/572"}],"wp:attachment":[{"href":"https:\/\/vpgestioninmobiliaria.cl\/vpgi\/wp-json\/wp\/v2\/media?parent=391"}],"curies":[{"name":"wp","href":"https:\/\/api.w.org\/{rel}","templated":true}]}}