{"id":392,"date":"2022-06-19T16:53:15","date_gmt":"2022-06-19T16:53:15","guid":{"rendered":"https:\/\/vpgestioninmobiliaria.cl\/vpgi\/contact-us\/"},"modified":"2022-07-20T03:52:59","modified_gmt":"2022-07-20T03:52:59","slug":"contact-us","status":"publish","type":"page","link":"https:\/\/vpgestioninmobiliaria.cl\/vpgi\/contact-us\/","title":{"rendered":"Cont\u00e1ctanos"},"content":{"rendered":"\n<p>Utiliza este formulario para ponerte en contacto conmigo, com\u00e9ntanos o plantea todas tus inquietudes inmobiliarias.<\/p>\n\n\n\n<p>\u00a1Estoy para ayudar!<\/p>\n\n\n\n<div role=\"form\" class=\"wpcf7\" id=\"wpcf7-f562-o1\" lang=\"es-ES\" dir=\"ltr\">\n<div class=\"screen-reader-response\"><p role=\"status\" aria-live=\"polite\" aria-atomic=\"true\"><\/p> <ul><\/ul><\/div>\n<form action=\"\/vpgi\/wp-json\/wp\/v2\/pages\/392#wpcf7-f562-o1\" method=\"post\" class=\"wpcf7-form init\" novalidate=\"novalidate\" data-status=\"init\">\n<div style=\"display: none;\">\n<input type=\"hidden\" name=\"_wpcf7\" value=\"562\" \/>\n<input type=\"hidden\" name=\"_wpcf7_version\" value=\"5.6.3\" \/>\n<input type=\"hidden\" name=\"_wpcf7_locale\" value=\"es_ES\" \/>\n<input type=\"hidden\" name=\"_wpcf7_unit_tag\" value=\"wpcf7-f562-o1\" \/>\n<input type=\"hidden\" name=\"_wpcf7_container_post\" value=\"0\" \/>\n<input type=\"hidden\" name=\"_wpcf7_posted_data_hash\" value=\"\" \/>\n<\/div>\n<p><label> Tu nombre(*):<br \/>\n    <span class=\"wpcf7-form-control-wrap\" data-name=\"your-name\"><input type=\"text\" name=\"your-name\" value=\"\" size=\"40\" class=\"wpcf7-form-control wpcf7-text wpcf7-validates-as-required\" aria-required=\"true\" aria-invalid=\"false\" \/><\/span> <\/label><\/p>\n<p><label> Tu correo electr\u00f3nico(*):<br \/>\n    <span class=\"wpcf7-form-control-wrap\" data-name=\"your-email\"><input type=\"email\" name=\"your-email\" value=\"\" size=\"40\" class=\"wpcf7-form-control wpcf7-text wpcf7-email wpcf7-validates-as-required wpcf7-validates-as-email\" aria-required=\"true\" aria-invalid=\"false\" \/><\/span> <\/label><\/p>\n<p><label> Tu Tel\u00e9fono:<br \/>\n    <span class=\"wpcf7-form-control-wrap\" data-name=\"tel-781\"><input type=\"tel\" name=\"tel-781\" value=\"\" size=\"40\" class=\"wpcf7-form-control wpcf7-text wpcf7-tel wpcf7-validates-as-tel\" aria-invalid=\"false\" \/><\/span> <\/label><\/p>\n<p><label> Asunto<br \/>\n    <span class=\"wpcf7-form-control-wrap\" data-name=\"your-subject\"><input type=\"text\" name=\"your-subject\" value=\"\" size=\"40\" class=\"wpcf7-form-control wpcf7-text wpcf7-validates-as-required\" aria-required=\"true\" aria-invalid=\"false\" \/><\/span> <\/label><\/p>\n<p><label> Tu mensaje (*)<br \/>\n    <span class=\"wpcf7-form-control-wrap\" data-name=\"your-message\"><textarea name=\"your-message\" cols=\"40\" rows=\"10\" class=\"wpcf7-form-control wpcf7-textarea wpcf7-validates-as-required\" aria-required=\"true\" aria-invalid=\"false\"><\/textarea><\/span> <\/label><\/p>\n<p>(*)Campos obligatorios.<\/p>\n<p><input type=\"submit\" value=\"Enviar\" class=\"wpcf7-form-control has-spinner wpcf7-submit\" \/><\/p>\n<div class=\"wpcf7-response-output\" aria-hidden=\"true\"><\/div><\/form><\/div>\n","protected":false},"excerpt":{"rendered":"<p>Utiliza este formulario para ponerte en contacto conmigo, com\u00e9ntanos o plantea todas tus inquietudes inmobiliarias. \u00a1Estoy para ayudar!<\/p>\n","protected":false},"author":1,"featured_media":0,"parent":0,"menu_order":0,"comment_status":"closed","ping_status":"closed","template":"page-templates\/no-sidebar.php","meta":{"_genesis_hide_title":false,"_genesis_hide_breadcrumbs":false,"_genesis_hide_singular_image":false,"_genesis_hide_footer_widgets":false,"_genesis_custom_body_class":"","_genesis_custom_post_class":"","_genesis_layout":"","footnotes":""},"class_list":{"0":"post-392","1":"page","2":"type-page","3":"status-publish","5":"entry"},"yoast_head":"<!-- This site is optimized with the Yoast SEO plugin v19.6.1 - https:\/\/yoast.com\/wordpress\/plugins\/seo\/ -->\n<title>Cont\u00e1ctanos - VP Gesti\u00f3n Inmobiliaria<\/title>\n<meta name=\"robots\" content=\"index, follow, max-snippet:-1, max-image-preview:large, max-video-preview:-1\" \/>\n<link rel=\"canonical\" href=\"https:\/\/vpgestioninmobiliaria.cl\/vpgi\/contact-us\/\" \/>\n<meta property=\"og:locale\" content=\"es_ES\" \/>\n<meta property=\"og:type\" content=\"article\" \/>\n<meta property=\"og:title\" content=\"Cont\u00e1ctanos - VP Gesti\u00f3n Inmobiliaria\" \/>\n<meta property=\"og:description\" content=\"Utiliza este formulario para ponerte en contacto conmigo, com\u00e9ntanos o plantea todas tus inquietudes inmobiliarias. \u00a1Estoy para ayudar!\" \/>\n<meta property=\"og:url\" content=\"https:\/\/vpgestioninmobiliaria.cl\/vpgi\/contact-us\/\" \/>\n<meta property=\"og:site_name\" content=\"VP Gesti\u00f3n Inmobiliaria\" \/>\n<meta property=\"article:modified_time\" content=\"2022-07-20T03:52:59+00:00\" \/>\n<meta name=\"twitter:card\" content=\"summary_large_image\" \/>\n<meta name=\"twitter:label1\" content=\"Tiempo de lectura\" \/>\n\t<meta name=\"twitter:data1\" content=\"1 minuto\" \/>\n<script type=\"application\/ld+json\" class=\"yoast-schema-graph\">{\"@context\":\"https:\/\/schema.org\",\"@graph\":[{\"@type\":\"WebPage\",\"@id\":\"https:\/\/vpgestioninmobiliaria.cl\/vpgi\/contact-us\/\",\"url\":\"https:\/\/vpgestioninmobiliaria.cl\/vpgi\/contact-us\/\",\"name\":\"Cont\u00e1ctanos - VP Gesti\u00f3n Inmobiliaria\",\"isPartOf\":{\"@id\":\"https:\/\/vpgestioninmobiliaria.cl\/vpgi\/#website\"},\"datePublished\":\"2022-06-19T16:53:15+00:00\",\"dateModified\":\"2022-07-20T03:52:59+00:00\",\"breadcrumb\":{\"@id\":\"https:\/\/vpgestioninmobiliaria.cl\/vpgi\/contact-us\/#breadcrumb\"},\"inLanguage\":\"es\",\"potentialAction\":[{\"@type\":\"ReadAction\",\"target\":[\"https:\/\/vpgestioninmobiliaria.cl\/vpgi\/contact-us\/\"]}]},{\"@type\":\"BreadcrumbList\",\"@id\":\"https:\/\/vpgestioninmobiliaria.cl\/vpgi\/contact-us\/#breadcrumb\",\"itemListElement\":[{\"@type\":\"ListItem\",\"position\":1,\"name\":\"Portada\",\"item\":\"https:\/\/vpgestioninmobiliaria.cl\/vpgi\/\"},{\"@type\":\"ListItem\",\"position\":2,\"name\":\"Cont\u00e1ctanos\"}]},{\"@type\":\"WebSite\",\"@id\":\"https:\/\/vpgestioninmobiliaria.cl\/vpgi\/#website\",\"url\":\"https:\/\/vpgestioninmobiliaria.cl\/vpgi\/\",\"name\":\"VP Gesti\u00f3n Inmobiliaria\",\"description\":\"Gesti\u00f3n y Promoci\u00f3n Inmobiliaria y Bienes Ra\u00edces\",\"publisher\":{\"@id\":\"https:\/\/vpgestioninmobiliaria.cl\/vpgi\/#\/schema\/person\/81acc73e0c55ecda0a159cf29ecaabc1\"},\"potentialAction\":[{\"@type\":\"SearchAction\",\"target\":{\"@type\":\"EntryPoint\",\"urlTemplate\":\"https:\/\/vpgestioninmobiliaria.cl\/vpgi\/?s={search_term_string}\"},\"query-input\":\"required name=search_term_string\"}],\"inLanguage\":\"es\"},{\"@type\":[\"Person\",\"Organization\"],\"@id\":\"https:\/\/vpgestioninmobiliaria.cl\/vpgi\/#\/schema\/person\/81acc73e0c55ecda0a159cf29ecaabc1\",\"name\":\"adminvpgi\",\"image\":{\"@type\":\"ImageObject\",\"inLanguage\":\"es\",\"@id\":\"https:\/\/vpgestioninmobiliaria.cl\/vpgi\/#\/schema\/person\/image\/\",\"url\":\"https:\/\/vpgestioninmobiliaria.cl\/vpgi\/wp-content\/uploads\/2022\/05\/VPGI-ico.png\",\"contentUrl\":\"https:\/\/vpgestioninmobiliaria.cl\/vpgi\/wp-content\/uploads\/2022\/05\/VPGI-ico.png\",\"width\":500,\"height\":500,\"caption\":\"adminvpgi\"},\"logo\":{\"@id\":\"https:\/\/vpgestioninmobiliaria.cl\/vpgi\/#\/schema\/person\/image\/\"},\"sameAs\":[\"https:\/\/vpgestioninmobiliaria.cl\/vpgi\"]}]}<\/script>\n<!-- \/ Yoast SEO plugin. -->","yoast_head_json":{"title":"Cont\u00e1ctanos - VP Gesti\u00f3n Inmobiliaria","robots":{"index":"index","follow":"follow","max-snippet":"max-snippet:-1","max-image-preview":"max-image-preview:large","max-video-preview":"max-video-preview:-1"},"canonical":"https:\/\/vpgestioninmobiliaria.cl\/vpgi\/contact-us\/","og_locale":"es_ES","og_type":"article","og_title":"Cont\u00e1ctanos - VP Gesti\u00f3n Inmobiliaria","og_description":"Utiliza este formulario para ponerte en contacto conmigo, com\u00e9ntanos o plantea todas tus inquietudes inmobiliarias. \u00a1Estoy para ayudar!","og_url":"https:\/\/vpgestioninmobiliaria.cl\/vpgi\/contact-us\/","og_site_name":"VP Gesti\u00f3n Inmobiliaria","article_modified_time":"2022-07-20T03:52:59+00:00","twitter_card":"summary_large_image","twitter_misc":{"Tiempo de lectura":"1 minuto"},"schema":{"@context":"https:\/\/schema.org","@graph":[{"@type":"WebPage","@id":"https:\/\/vpgestioninmobiliaria.cl\/vpgi\/contact-us\/","url":"https:\/\/vpgestioninmobiliaria.cl\/vpgi\/contact-us\/","name":"Cont\u00e1ctanos - VP Gesti\u00f3n Inmobiliaria","isPartOf":{"@id":"https:\/\/vpgestioninmobiliaria.cl\/vpgi\/#website"},"datePublished":"2022-06-19T16:53:15+00:00","dateModified":"2022-07-20T03:52:59+00:00","breadcrumb":{"@id":"https:\/\/vpgestioninmobiliaria.cl\/vpgi\/contact-us\/#breadcrumb"},"inLanguage":"es","potentialAction":[{"@type":"ReadAction","target":["https:\/\/vpgestioninmobiliaria.cl\/vpgi\/contact-us\/"]}]},{"@type":"BreadcrumbList","@id":"https:\/\/vpgestioninmobiliaria.cl\/vpgi\/contact-us\/#breadcrumb","itemListElement":[{"@type":"ListItem","position":1,"name":"Portada","item":"https:\/\/vpgestioninmobiliaria.cl\/vpgi\/"},{"@type":"ListItem","position":2,"name":"Cont\u00e1ctanos"}]},{"@type":"WebSite","@id":"https:\/\/vpgestioninmobiliaria.cl\/vpgi\/#website","url":"https:\/\/vpgestioninmobiliaria.cl\/vpgi\/","name":"VP Gesti\u00f3n Inmobiliaria","description":"Gesti\u00f3n y Promoci\u00f3n Inmobiliaria y Bienes Ra\u00edces","publisher":{"@id":"https:\/\/vpgestioninmobiliaria.cl\/vpgi\/#\/schema\/person\/81acc73e0c55ecda0a159cf29ecaabc1"},"potentialAction":[{"@type":"SearchAction","target":{"@type":"EntryPoint","urlTemplate":"https:\/\/vpgestioninmobiliaria.cl\/vpgi\/?s={search_term_string}"},"query-input":"required name=search_term_string"}],"inLanguage":"es"},{"@type":["Person","Organization"],"@id":"https:\/\/vpgestioninmobiliaria.cl\/vpgi\/#\/schema\/person\/81acc73e0c55ecda0a159cf29ecaabc1","name":"adminvpgi","image":{"@type":"ImageObject","inLanguage":"es","@id":"https:\/\/vpgestioninmobiliaria.cl\/vpgi\/#\/schema\/person\/image\/","url":"https:\/\/vpgestioninmobiliaria.cl\/vpgi\/wp-content\/uploads\/2022\/05\/VPGI-ico.png","contentUrl":"https:\/\/vpgestioninmobiliaria.cl\/vpgi\/wp-content\/uploads\/2022\/05\/VPGI-ico.png","width":500,"height":500,"caption":"adminvpgi"},"logo":{"@id":"https:\/\/vpgestioninmobiliaria.cl\/vpgi\/#\/schema\/person\/image\/"},"sameAs":["https:\/\/vpgestioninmobiliaria.cl\/vpgi"]}]}},"_links":{"self":[{"href":"https:\/\/vpgestioninmobiliaria.cl\/vpgi\/wp-json\/wp\/v2\/pages\/392","targetHints":{"allow":["GET"]}}],"collection":[{"href":"https:\/\/vpgestioninmobiliaria.cl\/vpgi\/wp-json\/wp\/v2\/pages"}],"about":[{"href":"https:\/\/vpgestioninmobiliaria.cl\/vpgi\/wp-json\/wp\/v2\/types\/page"}],"author":[{"embeddable":true,"href":"https:\/\/vpgestioninmobiliaria.cl\/vpgi\/wp-json\/wp\/v2\/users\/1"}],"replies":[{"embeddable":true,"href":"https:\/\/vpgestioninmobiliaria.cl\/vpgi\/wp-json\/wp\/v2\/comments?post=392"}],"version-history":[{"count":4,"href":"https:\/\/vpgestioninmobiliaria.cl\/vpgi\/wp-json\/wp\/v2\/pages\/392\/revisions"}],"predecessor-version":[{"id":566,"href":"https:\/\/vpgestioninmobiliaria.cl\/vpgi\/wp-json\/wp\/v2\/pages\/392\/revisions\/566"}],"wp:attachment":[{"href":"https:\/\/vpgestioninmobiliaria.cl\/vpgi\/wp-json\/wp\/v2\/media?parent=392"}],"curies":[{"name":"wp","href":"https:\/\/api.w.org\/{rel}","templated":true}]}}