{"id":394,"date":"2022-06-19T16:53:15","date_gmt":"2022-06-19T16:53:15","guid":{"rendered":"https:\/\/vpgestioninmobiliaria.cl\/vpgi\/terms-of-service\/"},"modified":"2022-06-19T16:53:15","modified_gmt":"2022-06-19T16:53:15","slug":"terms-of-service","status":"publish","type":"page","link":"https:\/\/vpgestioninmobiliaria.cl\/vpgi\/terms-of-service\/","title":{"rendered":"Terms of Service"},"content":{"rendered":"","protected":false},"excerpt":{"rendered":"","protected":false},"author":1,"featured_media":0,"parent":0,"menu_order":0,"comment_status":"closed","ping_status":"closed","template":"page-templates\/no-sidebar.php","meta":{"_genesis_hide_title":false,"_genesis_hide_breadcrumbs":false,"_genesis_hide_singular_image":false,"_genesis_hide_footer_widgets":false,"_genesis_custom_body_class":"","_genesis_custom_post_class":"","_genesis_layout":"","footnotes":""},"class_list":{"0":"post-394","1":"page","2":"type-page","3":"status-publish","5":"entry"},"yoast_head":"<!-- This site is optimized with the Yoast SEO plugin v19.6.1 - https:\/\/yoast.com\/wordpress\/plugins\/seo\/ -->\n<title>Terms of Service - VP Gesti\u00f3n Inmobiliaria<\/title>\n<meta name=\"robots\" content=\"index, follow, max-snippet:-1, max-image-preview:large, max-video-preview:-1\" \/>\n<link rel=\"canonical\" href=\"https:\/\/vpgestioninmobiliaria.cl\/vpgi\/terms-of-service\/\" \/>\n<meta property=\"og:locale\" content=\"es_ES\" \/>\n<meta property=\"og:type\" content=\"article\" \/>\n<meta property=\"og:title\" content=\"Terms of Service - VP Gesti\u00f3n Inmobiliaria\" \/>\n<meta property=\"og:url\" content=\"https:\/\/vpgestioninmobiliaria.cl\/vpgi\/terms-of-service\/\" \/>\n<meta property=\"og:site_name\" content=\"VP Gesti\u00f3n Inmobiliaria\" \/>\n<meta name=\"twitter:card\" content=\"summary_large_image\" \/>\n<script type=\"application\/ld+json\" class=\"yoast-schema-graph\">{\"@context\":\"https:\/\/schema.org\",\"@graph\":[{\"@type\":\"WebPage\",\"@id\":\"https:\/\/vpgestioninmobiliaria.cl\/vpgi\/terms-of-service\/\",\"url\":\"https:\/\/vpgestioninmobiliaria.cl\/vpgi\/terms-of-service\/\",\"name\":\"Terms of Service - VP Gesti\u00f3n Inmobiliaria\",\"isPartOf\":{\"@id\":\"https:\/\/vpgestioninmobiliaria.cl\/vpgi\/#website\"},\"datePublished\":\"2022-06-19T16:53:15+00:00\",\"dateModified\":\"2022-06-19T16:53:15+00:00\",\"breadcrumb\":{\"@id\":\"https:\/\/vpgestioninmobiliaria.cl\/vpgi\/terms-of-service\/#breadcrumb\"},\"inLanguage\":\"es\",\"potentialAction\":[{\"@type\":\"ReadAction\",\"target\":[\"https:\/\/vpgestioninmobiliaria.cl\/vpgi\/terms-of-service\/\"]}]},{\"@type\":\"BreadcrumbList\",\"@id\":\"https:\/\/vpgestioninmobiliaria.cl\/vpgi\/terms-of-service\/#breadcrumb\",\"itemListElement\":[{\"@type\":\"ListItem\",\"position\":1,\"name\":\"Portada\",\"item\":\"https:\/\/vpgestioninmobiliaria.cl\/vpgi\/\"},{\"@type\":\"ListItem\",\"position\":2,\"name\":\"Terms of Service\"}]},{\"@type\":\"WebSite\",\"@id\":\"https:\/\/vpgestioninmobiliaria.cl\/vpgi\/#website\",\"url\":\"https:\/\/vpgestioninmobiliaria.cl\/vpgi\/\",\"name\":\"VP Gesti\u00f3n Inmobiliaria\",\"description\":\"Gesti\u00f3n y Promoci\u00f3n Inmobiliaria y Bienes Ra\u00edces\",\"publisher\":{\"@id\":\"https:\/\/vpgestioninmobiliaria.cl\/vpgi\/#\/schema\/person\/81acc73e0c55ecda0a159cf29ecaabc1\"},\"potentialAction\":[{\"@type\":\"SearchAction\",\"target\":{\"@type\":\"EntryPoint\",\"urlTemplate\":\"https:\/\/vpgestioninmobiliaria.cl\/vpgi\/?s={search_term_string}\"},\"query-input\":\"required name=search_term_string\"}],\"inLanguage\":\"es\"},{\"@type\":[\"Person\",\"Organization\"],\"@id\":\"https:\/\/vpgestioninmobiliaria.cl\/vpgi\/#\/schema\/person\/81acc73e0c55ecda0a159cf29ecaabc1\",\"name\":\"adminvpgi\",\"image\":{\"@type\":\"ImageObject\",\"inLanguage\":\"es\",\"@id\":\"https:\/\/vpgestioninmobiliaria.cl\/vpgi\/#\/schema\/person\/image\/\",\"url\":\"https:\/\/vpgestioninmobiliaria.cl\/vpgi\/wp-content\/uploads\/2022\/05\/VPGI-ico.png\",\"contentUrl\":\"https:\/\/vpgestioninmobiliaria.cl\/vpgi\/wp-content\/uploads\/2022\/05\/VPGI-ico.png\",\"width\":500,\"height\":500,\"caption\":\"adminvpgi\"},\"logo\":{\"@id\":\"https:\/\/vpgestioninmobiliaria.cl\/vpgi\/#\/schema\/person\/image\/\"},\"sameAs\":[\"https:\/\/vpgestioninmobiliaria.cl\/vpgi\"]}]}<\/script>\n<!-- \/ Yoast SEO plugin. -->","yoast_head_json":{"title":"Terms of Service - VP Gesti\u00f3n Inmobiliaria","robots":{"index":"index","follow":"follow","max-snippet":"max-snippet:-1","max-image-preview":"max-image-preview:large","max-video-preview":"max-video-preview:-1"},"canonical":"https:\/\/vpgestioninmobiliaria.cl\/vpgi\/terms-of-service\/","og_locale":"es_ES","og_type":"article","og_title":"Terms of Service - VP Gesti\u00f3n Inmobiliaria","og_url":"https:\/\/vpgestioninmobiliaria.cl\/vpgi\/terms-of-service\/","og_site_name":"VP Gesti\u00f3n Inmobiliaria","twitter_card":"summary_large_image","schema":{"@context":"https:\/\/schema.org","@graph":[{"@type":"WebPage","@id":"https:\/\/vpgestioninmobiliaria.cl\/vpgi\/terms-of-service\/","url":"https:\/\/vpgestioninmobiliaria.cl\/vpgi\/terms-of-service\/","name":"Terms of Service - VP Gesti\u00f3n Inmobiliaria","isPartOf":{"@id":"https:\/\/vpgestioninmobiliaria.cl\/vpgi\/#website"},"datePublished":"2022-06-19T16:53:15+00:00","dateModified":"2022-06-19T16:53:15+00:00","breadcrumb":{"@id":"https:\/\/vpgestioninmobiliaria.cl\/vpgi\/terms-of-service\/#breadcrumb"},"inLanguage":"es","potentialAction":[{"@type":"ReadAction","target":["https:\/\/vpgestioninmobiliaria.cl\/vpgi\/terms-of-service\/"]}]},{"@type":"BreadcrumbList","@id":"https:\/\/vpgestioninmobiliaria.cl\/vpgi\/terms-of-service\/#breadcrumb","itemListElement":[{"@type":"ListItem","position":1,"name":"Portada","item":"https:\/\/vpgestioninmobiliaria.cl\/vpgi\/"},{"@type":"ListItem","position":2,"name":"Terms of Service"}]},{"@type":"WebSite","@id":"https:\/\/vpgestioninmobiliaria.cl\/vpgi\/#website","url":"https:\/\/vpgestioninmobiliaria.cl\/vpgi\/","name":"VP Gesti\u00f3n Inmobiliaria","description":"Gesti\u00f3n y Promoci\u00f3n Inmobiliaria y Bienes Ra\u00edces","publisher":{"@id":"https:\/\/vpgestioninmobiliaria.cl\/vpgi\/#\/schema\/person\/81acc73e0c55ecda0a159cf29ecaabc1"},"potentialAction":[{"@type":"SearchAction","target":{"@type":"EntryPoint","urlTemplate":"https:\/\/vpgestioninmobiliaria.cl\/vpgi\/?s={search_term_string}"},"query-input":"required name=search_term_string"}],"inLanguage":"es"},{"@type":["Person","Organization"],"@id":"https:\/\/vpgestioninmobiliaria.cl\/vpgi\/#\/schema\/person\/81acc73e0c55ecda0a159cf29ecaabc1","name":"adminvpgi","image":{"@type":"ImageObject","inLanguage":"es","@id":"https:\/\/vpgestioninmobiliaria.cl\/vpgi\/#\/schema\/person\/image\/","url":"https:\/\/vpgestioninmobiliaria.cl\/vpgi\/wp-content\/uploads\/2022\/05\/VPGI-ico.png","contentUrl":"https:\/\/vpgestioninmobiliaria.cl\/vpgi\/wp-content\/uploads\/2022\/05\/VPGI-ico.png","width":500,"height":500,"caption":"adminvpgi"},"logo":{"@id":"https:\/\/vpgestioninmobiliaria.cl\/vpgi\/#\/schema\/person\/image\/"},"sameAs":["https:\/\/vpgestioninmobiliaria.cl\/vpgi"]}]}},"_links":{"self":[{"href":"https:\/\/vpgestioninmobiliaria.cl\/vpgi\/wp-json\/wp\/v2\/pages\/394","targetHints":{"allow":["GET"]}}],"collection":[{"href":"https:\/\/vpgestioninmobiliaria.cl\/vpgi\/wp-json\/wp\/v2\/pages"}],"about":[{"href":"https:\/\/vpgestioninmobiliaria.cl\/vpgi\/wp-json\/wp\/v2\/types\/page"}],"author":[{"embeddable":true,"href":"https:\/\/vpgestioninmobiliaria.cl\/vpgi\/wp-json\/wp\/v2\/users\/1"}],"replies":[{"embeddable":true,"href":"https:\/\/vpgestioninmobiliaria.cl\/vpgi\/wp-json\/wp\/v2\/comments?post=394"}],"version-history":[{"count":0,"href":"https:\/\/vpgestioninmobiliaria.cl\/vpgi\/wp-json\/wp\/v2\/pages\/394\/revisions"}],"wp:attachment":[{"href":"https:\/\/vpgestioninmobiliaria.cl\/vpgi\/wp-json\/wp\/v2\/media?parent=394"}],"curies":[{"name":"wp","href":"https:\/\/api.w.org\/{rel}","templated":true}]}}