{"id":414,"date":"2022-06-19T16:53:17","date_gmt":"2022-06-19T16:53:17","guid":{"rendered":"https:\/\/vpgestioninmobiliaria.cl\/vpgi\/featured-properties\/"},"modified":"2022-09-05T05:01:30","modified_gmt":"2022-09-05T05:01:30","slug":"featured-properties","status":"publish","type":"page","link":"https:\/\/vpgestioninmobiliaria.cl\/vpgi\/featured-properties\/","title":{"rendered":"cPropiedades Destacadas"},"content":{"rendered":"\n<div class=\"wp-block-cover alignfull\" style=\"min-height:800px;aspect-ratio:unset;\"><span aria-hidden=\"true\" class=\"wp-block-cover__background has-background-dim-0 has-background-dim\"><\/span><img loading=\"lazy\" decoding=\"async\" width=\"2500\" height=\"1250\" class=\"wp-block-cover__image-background wp-image-581\" alt=\"\" src=\"https:\/\/vpgestioninmobiliaria.cl\/vpgi\/wp-content\/uploads\/2022\/09\/Disen\u0303o-sin-ti\u0301tulo.jpeg\" data-object-fit=\"cover\" srcset=\"https:\/\/vpgestioninmobiliaria.cl\/vpgi\/wp-content\/uploads\/2022\/09\/Disen\u0303o-sin-ti\u0301tulo.jpeg 2500w, https:\/\/vpgestioninmobiliaria.cl\/vpgi\/wp-content\/uploads\/2022\/09\/Disen\u0303o-sin-ti\u0301tulo-300x150.jpeg 300w, https:\/\/vpgestioninmobiliaria.cl\/vpgi\/wp-content\/uploads\/2022\/09\/Disen\u0303o-sin-ti\u0301tulo-1024x512.jpeg 1024w, https:\/\/vpgestioninmobiliaria.cl\/vpgi\/wp-content\/uploads\/2022\/09\/Disen\u0303o-sin-ti\u0301tulo-768x384.jpeg 768w, https:\/\/vpgestioninmobiliaria.cl\/vpgi\/wp-content\/uploads\/2022\/09\/Disen\u0303o-sin-ti\u0301tulo-1536x768.jpeg 1536w, https:\/\/vpgestioninmobiliaria.cl\/vpgi\/wp-content\/uploads\/2022\/09\/Disen\u0303o-sin-ti\u0301tulo-2048x1024.jpeg 2048w\" sizes=\"auto, (max-width: 2500px) 100vw, 2500px\" \/><div class=\"wp-block-cover__inner-container is-layout-flow wp-block-cover-is-layout-flow\">\n<h1 class=\"has-text-align-center wp-block-heading\">Experimente su propiedad<\/h1>\n\n\n\n<p class=\"has-text-align-center\">Le mostramos nuestras propiedades destacadas<\/p>\n\n\n\n<div class=\"wp-block-buttons is-content-justification-center is-layout-flex wp-block-buttons-is-layout-flex\">\n<div class=\"wp-block-button\"><a class=\"wp-block-button__link\">Encuentra la propiedad que buscas<\/a><\/div>\n<\/div>\n\n\n\n<div style=\"height:300px\" aria-hidden=\"true\" class=\"wp-block-spacer\"><\/div>\n<\/div><\/div>\n\n\n\n<div class=\"wp-block-group alignfull search-bar\"><div class=\"wp-block-group__inner-container is-layout-flow wp-block-group-is-layout-flow\">\n<h2 class=\"has-text-align-center wp-block-heading\">Encuentre su propiedad aqu\u00ed<\/h2>\n\n\n\n<p class=\"has-text-align-center\">Busque en nuestros listados propiedades para encontrar el lugar perfecto para vivir&#8230;<\/p>\n\n\n    <form class=\"idx-omnibar-form idx-omnibar-extra-form\">\n      <label for=\"omnibar\" class=\"screen-reader-text\">City, Postal Code, Address, or Listing ID<\/label>\n      <input id=\"omnibar\" class=\"idx-omnibar-input idx-omnibar-extra-input\" type=\"text\" placeholder=\"City, Postal Code, Address, or Listing ID\">\n      <div class=\"idx-omnibar-extra idx-omnibar-price-container idx-omnibar-min-price-container\"><label>Price Min<\/label><input class=\"idx-omnibar-min-price\" type=\"number\" min=\"0\" step=\"10000\"><\/div><div class=\"idx-omnibar-extra idx-omnibar-price-container idx-omnibar-max-price-container\"><label>Price Max<\/label><input class=\"idx-omnibar-price\" type=\"number\" min=\"0\" step=\"10000\"><\/div><div class=\"idx-omnibar-extra idx-omnibar-bed-container\"><label>Beds<\/label><input class=\"idx-omnibar-bed\" type=\"number\" min=\"0\" step=\"1\"><\/div><div class=\"idx-omnibar-extra idx-omnibar-bath-container\"><label>Baths<\/label><input class=\"idx-omnibar-bath\" type=\"number\" min=\"0\" step=\"1\" title=\"Only numbers and decimals are allowed\"><\/div>\n      <button class=\"idx-omnibar-extra-button\" type=\"submit\" value=\"Search\" aria-label=\"Submit Search\"><i class=\"fas fa-search\"><\/i><span>Search<\/span><\/button>\n    <\/form><\/div><\/div>\n\n\n\n<h2 class=\"has-text-align-center wp-block-heading\">Propiedades Destacadas<\/h2>\n\n\n\n<p class=\"has-text-align-center\">Encuentra la propiedad de tus sue\u00f1os en nuestra secci\u00f3n destacados<\/p>\n\n\n\nCreate a Showcase widget in IDX Broker and replace this text with the script.\n\n\n\n<p class=\"has-text-align-left\">OR use the IMPress Showcase block below with a Saved Link or your own property listings. Delete blocks you don&#8217;t need.<\/p>\n\n\n<!-- Property Type: featured --><p>No properties found<\/p>","protected":false},"excerpt":{"rendered":"<p>Encuentre su propiedad aqu\u00ed Busque en nuestros listados propiedades para encontrar el lugar perfecto para vivir&#8230; Propiedades Destacadas Encuentra la propiedad de tus sue\u00f1os en nuestra secci\u00f3n destacados Create a Showcase widget in IDX Broker and replace this text with the script. OR use the IMPress Showcase block below with a Saved Link or your &#8230; <a href=\"https:\/\/vpgestioninmobiliaria.cl\/vpgi\/featured-properties\/\" class=\"more-link\">Continue Reading &#187; <span class=\"screen-reader-text\"> about  cPropiedades Destacadas<\/span><\/a><\/p>\n","protected":false},"author":1,"featured_media":0,"parent":0,"menu_order":0,"comment_status":"closed","ping_status":"closed","template":"page-templates\/no-sidebar-wide.php","meta":{"_genesis_hide_title":true,"_genesis_hide_breadcrumbs":false,"_genesis_hide_singular_image":false,"_genesis_hide_footer_widgets":false,"_genesis_custom_body_class":"","_genesis_custom_post_class":"","_genesis_layout":"","footnotes":""},"class_list":{"0":"post-414","1":"page","2":"type-page","3":"status-publish","5":"entry","6":"has-post-thumbnail"},"yoast_head":"<!-- This site is optimized with the Yoast SEO plugin v19.6.1 - https:\/\/yoast.com\/wordpress\/plugins\/seo\/ -->\n<title>cPropiedades Destacadas - VP Gesti\u00f3n Inmobiliaria<\/title>\n<meta name=\"robots\" content=\"index, follow, max-snippet:-1, max-image-preview:large, max-video-preview:-1\" \/>\n<link rel=\"canonical\" href=\"https:\/\/vpgestioninmobiliaria.cl\/vpgi\/featured-properties\/\" \/>\n<meta property=\"og:locale\" content=\"es_ES\" \/>\n<meta property=\"og:type\" content=\"article\" \/>\n<meta property=\"og:title\" content=\"cPropiedades Destacadas - VP Gesti\u00f3n Inmobiliaria\" \/>\n<meta property=\"og:description\" content=\"Encuentre su propiedad aqu\u00ed Busque en nuestros listados propiedades para encontrar el lugar perfecto para vivir&#8230; Propiedades Destacadas Encuentra la propiedad de tus sue\u00f1os en nuestra secci\u00f3n destacados Create a Showcase widget in IDX Broker and replace this text with the script. OR use the IMPress Showcase block below with a Saved Link or your ... Continue Reading &#187; about cPropiedades Destacadas\" \/>\n<meta property=\"og:url\" content=\"https:\/\/vpgestioninmobiliaria.cl\/vpgi\/featured-properties\/\" \/>\n<meta property=\"og:site_name\" content=\"VP Gesti\u00f3n Inmobiliaria\" \/>\n<meta property=\"article:modified_time\" content=\"2022-09-05T05:01:30+00:00\" \/>\n<meta name=\"twitter:card\" content=\"summary_large_image\" \/>\n<meta name=\"twitter:label1\" content=\"Tiempo de lectura\" \/>\n\t<meta name=\"twitter:data1\" content=\"1 minuto\" \/>\n<script type=\"application\/ld+json\" class=\"yoast-schema-graph\">{\"@context\":\"https:\/\/schema.org\",\"@graph\":[{\"@type\":\"WebPage\",\"@id\":\"https:\/\/vpgestioninmobiliaria.cl\/vpgi\/featured-properties\/\",\"url\":\"https:\/\/vpgestioninmobiliaria.cl\/vpgi\/featured-properties\/\",\"name\":\"cPropiedades Destacadas - VP Gesti\u00f3n Inmobiliaria\",\"isPartOf\":{\"@id\":\"https:\/\/vpgestioninmobiliaria.cl\/vpgi\/#website\"},\"datePublished\":\"2022-06-19T16:53:17+00:00\",\"dateModified\":\"2022-09-05T05:01:30+00:00\",\"breadcrumb\":{\"@id\":\"https:\/\/vpgestioninmobiliaria.cl\/vpgi\/featured-properties\/#breadcrumb\"},\"inLanguage\":\"es\",\"potentialAction\":[{\"@type\":\"ReadAction\",\"target\":[\"https:\/\/vpgestioninmobiliaria.cl\/vpgi\/featured-properties\/\"]}]},{\"@type\":\"BreadcrumbList\",\"@id\":\"https:\/\/vpgestioninmobiliaria.cl\/vpgi\/featured-properties\/#breadcrumb\",\"itemListElement\":[{\"@type\":\"ListItem\",\"position\":1,\"name\":\"Portada\",\"item\":\"https:\/\/vpgestioninmobiliaria.cl\/vpgi\/\"},{\"@type\":\"ListItem\",\"position\":2,\"name\":\"cPropiedades Destacadas\"}]},{\"@type\":\"WebSite\",\"@id\":\"https:\/\/vpgestioninmobiliaria.cl\/vpgi\/#website\",\"url\":\"https:\/\/vpgestioninmobiliaria.cl\/vpgi\/\",\"name\":\"VP Gesti\u00f3n Inmobiliaria\",\"description\":\"Gesti\u00f3n y Promoci\u00f3n Inmobiliaria y Bienes Ra\u00edces\",\"publisher\":{\"@id\":\"https:\/\/vpgestioninmobiliaria.cl\/vpgi\/#\/schema\/person\/81acc73e0c55ecda0a159cf29ecaabc1\"},\"potentialAction\":[{\"@type\":\"SearchAction\",\"target\":{\"@type\":\"EntryPoint\",\"urlTemplate\":\"https:\/\/vpgestioninmobiliaria.cl\/vpgi\/?s={search_term_string}\"},\"query-input\":\"required name=search_term_string\"}],\"inLanguage\":\"es\"},{\"@type\":[\"Person\",\"Organization\"],\"@id\":\"https:\/\/vpgestioninmobiliaria.cl\/vpgi\/#\/schema\/person\/81acc73e0c55ecda0a159cf29ecaabc1\",\"name\":\"adminvpgi\",\"image\":{\"@type\":\"ImageObject\",\"inLanguage\":\"es\",\"@id\":\"https:\/\/vpgestioninmobiliaria.cl\/vpgi\/#\/schema\/person\/image\/\",\"url\":\"https:\/\/vpgestioninmobiliaria.cl\/vpgi\/wp-content\/uploads\/2022\/05\/VPGI-ico.png\",\"contentUrl\":\"https:\/\/vpgestioninmobiliaria.cl\/vpgi\/wp-content\/uploads\/2022\/05\/VPGI-ico.png\",\"width\":500,\"height\":500,\"caption\":\"adminvpgi\"},\"logo\":{\"@id\":\"https:\/\/vpgestioninmobiliaria.cl\/vpgi\/#\/schema\/person\/image\/\"},\"sameAs\":[\"https:\/\/vpgestioninmobiliaria.cl\/vpgi\"]}]}<\/script>\n<!-- \/ Yoast SEO plugin. -->","yoast_head_json":{"title":"cPropiedades Destacadas - VP Gesti\u00f3n Inmobiliaria","robots":{"index":"index","follow":"follow","max-snippet":"max-snippet:-1","max-image-preview":"max-image-preview:large","max-video-preview":"max-video-preview:-1"},"canonical":"https:\/\/vpgestioninmobiliaria.cl\/vpgi\/featured-properties\/","og_locale":"es_ES","og_type":"article","og_title":"cPropiedades Destacadas - VP Gesti\u00f3n Inmobiliaria","og_description":"Encuentre su propiedad aqu\u00ed Busque en nuestros listados propiedades para encontrar el lugar perfecto para vivir&#8230; Propiedades Destacadas Encuentra la propiedad de tus sue\u00f1os en nuestra secci\u00f3n destacados Create a Showcase widget in IDX Broker and replace this text with the script. OR use the IMPress Showcase block below with a Saved Link or your ... Continue Reading &#187; about cPropiedades Destacadas","og_url":"https:\/\/vpgestioninmobiliaria.cl\/vpgi\/featured-properties\/","og_site_name":"VP Gesti\u00f3n Inmobiliaria","article_modified_time":"2022-09-05T05:01:30+00:00","twitter_card":"summary_large_image","twitter_misc":{"Tiempo de lectura":"1 minuto"},"schema":{"@context":"https:\/\/schema.org","@graph":[{"@type":"WebPage","@id":"https:\/\/vpgestioninmobiliaria.cl\/vpgi\/featured-properties\/","url":"https:\/\/vpgestioninmobiliaria.cl\/vpgi\/featured-properties\/","name":"cPropiedades Destacadas - VP Gesti\u00f3n Inmobiliaria","isPartOf":{"@id":"https:\/\/vpgestioninmobiliaria.cl\/vpgi\/#website"},"datePublished":"2022-06-19T16:53:17+00:00","dateModified":"2022-09-05T05:01:30+00:00","breadcrumb":{"@id":"https:\/\/vpgestioninmobiliaria.cl\/vpgi\/featured-properties\/#breadcrumb"},"inLanguage":"es","potentialAction":[{"@type":"ReadAction","target":["https:\/\/vpgestioninmobiliaria.cl\/vpgi\/featured-properties\/"]}]},{"@type":"BreadcrumbList","@id":"https:\/\/vpgestioninmobiliaria.cl\/vpgi\/featured-properties\/#breadcrumb","itemListElement":[{"@type":"ListItem","position":1,"name":"Portada","item":"https:\/\/vpgestioninmobiliaria.cl\/vpgi\/"},{"@type":"ListItem","position":2,"name":"cPropiedades Destacadas"}]},{"@type":"WebSite","@id":"https:\/\/vpgestioninmobiliaria.cl\/vpgi\/#website","url":"https:\/\/vpgestioninmobiliaria.cl\/vpgi\/","name":"VP Gesti\u00f3n Inmobiliaria","description":"Gesti\u00f3n y Promoci\u00f3n Inmobiliaria y Bienes Ra\u00edces","publisher":{"@id":"https:\/\/vpgestioninmobiliaria.cl\/vpgi\/#\/schema\/person\/81acc73e0c55ecda0a159cf29ecaabc1"},"potentialAction":[{"@type":"SearchAction","target":{"@type":"EntryPoint","urlTemplate":"https:\/\/vpgestioninmobiliaria.cl\/vpgi\/?s={search_term_string}"},"query-input":"required name=search_term_string"}],"inLanguage":"es"},{"@type":["Person","Organization"],"@id":"https:\/\/vpgestioninmobiliaria.cl\/vpgi\/#\/schema\/person\/81acc73e0c55ecda0a159cf29ecaabc1","name":"adminvpgi","image":{"@type":"ImageObject","inLanguage":"es","@id":"https:\/\/vpgestioninmobiliaria.cl\/vpgi\/#\/schema\/person\/image\/","url":"https:\/\/vpgestioninmobiliaria.cl\/vpgi\/wp-content\/uploads\/2022\/05\/VPGI-ico.png","contentUrl":"https:\/\/vpgestioninmobiliaria.cl\/vpgi\/wp-content\/uploads\/2022\/05\/VPGI-ico.png","width":500,"height":500,"caption":"adminvpgi"},"logo":{"@id":"https:\/\/vpgestioninmobiliaria.cl\/vpgi\/#\/schema\/person\/image\/"},"sameAs":["https:\/\/vpgestioninmobiliaria.cl\/vpgi"]}]}},"_links":{"self":[{"href":"https:\/\/vpgestioninmobiliaria.cl\/vpgi\/wp-json\/wp\/v2\/pages\/414","targetHints":{"allow":["GET"]}}],"collection":[{"href":"https:\/\/vpgestioninmobiliaria.cl\/vpgi\/wp-json\/wp\/v2\/pages"}],"about":[{"href":"https:\/\/vpgestioninmobiliaria.cl\/vpgi\/wp-json\/wp\/v2\/types\/page"}],"author":[{"embeddable":true,"href":"https:\/\/vpgestioninmobiliaria.cl\/vpgi\/wp-json\/wp\/v2\/users\/1"}],"replies":[{"embeddable":true,"href":"https:\/\/vpgestioninmobiliaria.cl\/vpgi\/wp-json\/wp\/v2\/comments?post=414"}],"version-history":[{"count":7,"href":"https:\/\/vpgestioninmobiliaria.cl\/vpgi\/wp-json\/wp\/v2\/pages\/414\/revisions"}],"predecessor-version":[{"id":582,"href":"https:\/\/vpgestioninmobiliaria.cl\/vpgi\/wp-json\/wp\/v2\/pages\/414\/revisions\/582"}],"wp:attachment":[{"href":"https:\/\/vpgestioninmobiliaria.cl\/vpgi\/wp-json\/wp\/v2\/media?parent=414"}],"curies":[{"name":"wp","href":"https:\/\/api.w.org\/{rel}","templated":true}]}}